{"id":301,"date":"2017-08-23T21:47:42","date_gmt":"2017-08-23T21:47:42","guid":{"rendered":"http:\/\/live-spx-corp.pantheonsite.io\/?page_id=301"},"modified":"2026-03-02T15:15:13","modified_gmt":"2026-03-02T15:15:13","slug":"research-analysts","status":"publish","type":"page","link":"https:\/\/spx.com\/fr\/research-analysts\/","title":{"rendered":"Analystes de recherche"},"content":{"rendered":"<p>[et_pb_section fb_built=&#8221;1&#8243; _builder_version=&#8221;4.27.4&#8243; _module_preset=&#8221;default&#8221; custom_margin=&#8221;0px||||false|false&#8221; custom_padding=&#8221;20px||10px||false|false&#8221; global_colors_info=&#8221;{}&#8221;][et_pb_row _builder_version=&#8221;4.27.4&#8243; _module_preset=&#8221;default&#8221; custom_margin=&#8221;||||false|false&#8221; custom_padding=&#8221;||20px||false|false&#8221; global_colors_info=&#8221;{}&#8221;][et_pb_column type=&#8221;4_4&#8243; _builder_version=&#8221;4.27.4&#8243; _module_preset=&#8221;default&#8221; global_colors_info=&#8221;{}&#8221;][et_pb_text _builder_version=&#8221;4.27.4&#8243; _module_preset=&#8221;default&#8221; text_font_size=&#8221;12px&#8221; global_colors_info=&#8221;{}&#8221;]<a href=\"\/fr\/\">Accueil<\/a> &gt; Investor Relations &gt; Financial Information &gt; Research Analysts[\/et_pb_text][\/et_pb_column][\/et_pb_row][et_pb_row _builder_version=&#8221;4.27.4&#8243; _module_preset=&#8221;default&#8221; custom_margin=&#8221;0px||0px||false|false&#8221; custom_padding=&#8221;0px||0px||false|false&#8221; global_colors_info=&#8221;{}&#8221;][et_pb_column type=&#8221;4_4&#8243; _builder_version=&#8221;4.27.4&#8243; _module_preset=&#8221;default&#8221; global_colors_info=&#8221;{}&#8221;][et_pb_post_title meta=&#8221;off&#8221; featured_image=&#8221;off&#8221; _builder_version=&#8221;4.27.4&#8243; _module_preset=&#8221;default&#8221; title_font=&#8221;|600||on|||||&#8221; title_text_color=&#8221;#004C97&#8243; title_font_size=&#8221;60px&#8221; custom_margin=&#8221;||16px||false|false&#8221; global_colors_info=&#8221;{}&#8221;][\/et_pb_post_title][et_pb_text _builder_version=&#8221;4.27.5&#8243; _module_preset=&#8221;default&#8221; custom_margin=&#8221;||12px||false|false&#8221; hover_enabled=&#8221;0&#8243; global_colors_info=&#8221;{}&#8221; sticky_enabled=&#8221;0&#8243;]SPX Technologies is currently followed by the analysts listed below. Please note that any opinions, estimates or forecasts regarding SPX&#8217;s performance made by these analysts are theirs alone and do not represent opinions, forecasts or predictions of SPX or its management. SPX does not by its reference above or distribution imply its endorsement of or concurrence with such information, conclusions or recommendations.<\/p>\n<table width=\"100%\" cellspacing=\"0\" cellpadding=\"0\">\n<tbody>\n<tr>\n<th>Firm<\/th>\n<th>Analyst<\/th>\n<\/tr>\n<tr>\n<td>B Riley Securities<\/td>\n<td>Jeff Vansinderen<\/td>\n<\/tr>\n<tr>\n<td>Oppenheimer &amp; Co<\/td>\n<td>Bryan Blair<\/td>\n<\/tr>\n<tr>\n<td>Seaport Research Partners<\/td>\n<td>Walt Liptak<\/td>\n<\/tr>\n<tr>\n<td>UBS<\/td>\n<td><span>Amit Mehrotra<\/span><\/td>\n<\/tr>\n<tr>\n<td>William Blair<\/td>\n<td>Ross Sparenblek<\/td>\n<\/tr>\n<tr>\n<td>Wolfe Research<\/td>\n<td>Brad Hewitt<\/td>\n<\/tr>\n<tr>\n<td>Bank of America Securities<\/td>\n<td><span>Andrew Obin<\/span><\/td>\n<\/tr>\n<tr>\n<td>TD Cowen<\/td>\n<td>Joe Giordano<\/td>\n<\/tr>\n<tr>\n<td>Wells Fargo Securities<\/td>\n<td>Joe O\u2019Dea<\/td>\n<\/tr>\n<tr>\n<td>Truist Securities<\/td>\n<td>Jamie Cook<\/td>\n<\/tr>\n<\/tbody>\n<\/table>\n<p>&nbsp;[\/et_pb_text][\/et_pb_column][\/et_pb_row][et_pb_row _builder_version=&#8221;4.27.4&#8243; _module_preset=&#8221;default&#8221; custom_margin=&#8221;0px||||false|false&#8221; custom_padding=&#8221;0px||||false|false&#8221; global_colors_info=&#8221;{}&#8221;][et_pb_column type=&#8221;4_4&#8243; _builder_version=&#8221;4.27.4&#8243; _module_preset=&#8221;default&#8221; global_colors_info=&#8221;{}&#8221;][\/et_pb_column][\/et_pb_row][\/et_pb_section]<\/p>","protected":false},"excerpt":{"rendered":"<p>Home &gt; Investor Relations &gt; Financial Information &gt; Research AnalystsSPX Technologies is currently followed by the analysts listed below. Please note that any opinions, estimates or forecasts regarding SPX&#8217;s performance made by these analysts are theirs alone and do not represent opinions, forecasts or predictions of SPX or its management. SPX does not by its [&hellip;]<\/p>","protected":false},"author":4,"featured_media":0,"parent":0,"menu_order":0,"comment_status":"closed","ping_status":"closed","template":"","meta":{"_acf_changed":false,"_et_pb_use_builder":"on","_et_pb_old_content":"<img class=\"alignnone size-full wp-image-473\" src=\"https:\/\/live-spx-corp.pantheonsite.io\/wp-content\/uploads\/2017\/08\/848x221_IR_Research-1.jpg\" alt=\"\" width=\"100%\" \/>\r\n\r\nSPX Technologies is currently followed by the analysts listed below. Please note that any opinions, estimates or forecasts regarding SPX's performance made by these analysts are theirs alone and do not represent opinions, forecasts or predictions of SPX or its management. SPX does not by its reference above or distribution imply its endorsement of or concurrence with such information, conclusions or recommendations.\r\n\r\n\u00a0\r\n<table width=\"100%\" cellspacing=\"0\" cellpadding=\"0\">\r\n<tbody>\r\n<tr>\r\n<th>Firm<\/th>\r\n<th>Analyst<\/th>\r\n<\/tr>\r\n<tr>\r\n<td>Oppenheimer<\/td>\r\n<td>Bryan Blair<\/td>\r\n<\/tr>\r\n<tr>\r\n<td>Seaport Global Securities<\/td>\r\n<td>Walter Liptak<\/td>\r\n<\/tr>\r\n<tr>\r\n<td>Sidoti & Company<\/td>\r\n<td>Steve Ferazani<\/td>\r\n<\/tr>\r\n<tr>\r\n<td>UBS<\/td>\r\n<td>Damian Karas<\/td>\r\n<\/tr>\r\n<tr>\r\n<td>William Blair & Co.<\/td>\r\n<td>Larry De Maria<\/td>\r\n<\/tr>\r\n<\/tbody>\r\n<\/table>\r\n\u00a0","_et_gb_content_width":"","footnotes":""},"dipi_cpt_category":[],"class_list":["post-301","page","type-page","status-publish","hentry"],"acf":[],"yoast_head":"<!-- This site is optimized with the Yoast SEO plugin v27.4 - https:\/\/yoast.com\/product\/yoast-seo-wordpress\/ -->\n<title>Research Analysts - SPX Technologies in Charlotte, NC<\/title>\n<meta name=\"description\" content=\"SPX Technologies is covered by several independent equity research analysts, including those from Oppenheimer, Seaport Global, Sidoti, UBS, and William Blair. The views expressed by these analysts are their own and not endorsed by SPX.\" \/>\n<meta name=\"robots\" content=\"index, follow, max-snippet:-1, max-image-preview:large, max-video-preview:-1\" \/>\n<link rel=\"canonical\" href=\"https:\/\/spx.com\/fr\/research-analysts\/\" \/>\n<meta property=\"og:locale\" content=\"fr_CA\" \/>\n<meta property=\"og:type\" content=\"article\" \/>\n<meta property=\"og:title\" content=\"Research Analysts - SPX Technologies in Charlotte, NC\" \/>\n<meta property=\"og:description\" content=\"SPX Technologies is covered by several independent equity research analysts, including those from Oppenheimer, Seaport Global, Sidoti, UBS, and William Blair. The views expressed by these analysts are their own and not endorsed by SPX.\" \/>\n<meta property=\"og:url\" content=\"https:\/\/spx.com\/fr\/research-analysts\/\" \/>\n<meta property=\"og:site_name\" content=\"SPX Technologies in Charlotte, NC\" \/>\n<meta property=\"article:modified_time\" content=\"2026-03-02T15:15:13+00:00\" \/>\n<meta name=\"twitter:card\" content=\"summary_large_image\" \/>\n<meta name=\"twitter:label1\" content=\"Estimation du temps de lecture\" \/>\n\t<meta name=\"twitter:data1\" content=\"1 minute\" \/>\n<script type=\"application\/ld+json\" class=\"yoast-schema-graph\">{\"@context\":\"https:\\\/\\\/schema.org\",\"@graph\":[{\"@type\":\"WebPage\",\"@id\":\"https:\\\/\\\/spx.com\\\/research-analysts\\\/\",\"url\":\"https:\\\/\\\/spx.com\\\/research-analysts\\\/\",\"name\":\"Research Analysts - SPX Technologies in Charlotte, NC\",\"isPartOf\":{\"@id\":\"https:\\\/\\\/spx.com\\\/#website\"},\"datePublished\":\"2017-08-23T21:47:42+00:00\",\"dateModified\":\"2026-03-02T15:15:13+00:00\",\"description\":\"SPX Technologies is covered by several independent equity research analysts, including those from Oppenheimer, Seaport Global, Sidoti, UBS, and William Blair. The views expressed by these analysts are their own and not endorsed by SPX.\",\"breadcrumb\":{\"@id\":\"https:\\\/\\\/spx.com\\\/research-analysts\\\/#breadcrumb\"},\"inLanguage\":\"fr-CA\",\"potentialAction\":[{\"@type\":\"ReadAction\",\"target\":[\"https:\\\/\\\/spx.com\\\/research-analysts\\\/\"]}]},{\"@type\":\"BreadcrumbList\",\"@id\":\"https:\\\/\\\/spx.com\\\/research-analysts\\\/#breadcrumb\",\"itemListElement\":[{\"@type\":\"ListItem\",\"position\":1,\"name\":\"Home\",\"item\":\"https:\\\/\\\/spx.com\\\/\"},{\"@type\":\"ListItem\",\"position\":2,\"name\":\"Research Analysts\"}]},{\"@type\":\"WebSite\",\"@id\":\"https:\\\/\\\/spx.com\\\/#website\",\"url\":\"https:\\\/\\\/spx.com\\\/\",\"name\":\"SPX Technologies in Charlotte, NC\",\"description\":\"SPX Technologies is a supplier of highly engineered products and technologies, holding leadership positions in the HVAC and detection and measurement markets.\",\"publisher\":{\"@id\":\"https:\\\/\\\/spx.com\\\/#organization\"},\"potentialAction\":[{\"@type\":\"SearchAction\",\"target\":{\"@type\":\"EntryPoint\",\"urlTemplate\":\"https:\\\/\\\/spx.com\\\/?s={search_term_string}\"},\"query-input\":{\"@type\":\"PropertyValueSpecification\",\"valueRequired\":true,\"valueName\":\"search_term_string\"}}],\"inLanguage\":\"fr-CA\"},{\"@type\":\"Organization\",\"@id\":\"https:\\\/\\\/spx.com\\\/#organization\",\"name\":\"SPX Corporation\",\"url\":\"https:\\\/\\\/spx.com\\\/\",\"logo\":{\"@type\":\"ImageObject\",\"inLanguage\":\"fr-CA\",\"@id\":\"https:\\\/\\\/spx.com\\\/#\\\/schema\\\/logo\\\/image\\\/\",\"url\":\"https:\\\/\\\/live-spx-corp.pantheonsite.io\\\/wp-content\\\/uploads\\\/2018\\\/03\\\/SPX_LOGO_R_Vertical_RGB_480px.png\",\"contentUrl\":\"https:\\\/\\\/live-spx-corp.pantheonsite.io\\\/wp-content\\\/uploads\\\/2018\\\/03\\\/SPX_LOGO_R_Vertical_RGB_480px.png\",\"width\":389,\"height\":480,\"caption\":\"SPX Corporation\"},\"image\":{\"@id\":\"https:\\\/\\\/spx.com\\\/#\\\/schema\\\/logo\\\/image\\\/\"}}]}<\/script>\n<!-- \/ Yoast SEO plugin. -->","yoast_head_json":{"title":"Research Analysts - SPX Technologies in Charlotte, NC","description":"SPX Technologies is covered by several independent equity research analysts, including those from Oppenheimer, Seaport Global, Sidoti, UBS, and William Blair. The views expressed by these analysts are their own and not endorsed by SPX.","robots":{"index":"index","follow":"follow","max-snippet":"max-snippet:-1","max-image-preview":"max-image-preview:large","max-video-preview":"max-video-preview:-1"},"canonical":"https:\/\/spx.com\/fr\/research-analysts\/","og_locale":"fr_CA","og_type":"article","og_title":"Research Analysts - SPX Technologies in Charlotte, NC","og_description":"SPX Technologies is covered by several independent equity research analysts, including those from Oppenheimer, Seaport Global, Sidoti, UBS, and William Blair. The views expressed by these analysts are their own and not endorsed by SPX.","og_url":"https:\/\/spx.com\/fr\/research-analysts\/","og_site_name":"SPX Technologies in Charlotte, NC","article_modified_time":"2026-03-02T15:15:13+00:00","twitter_card":"summary_large_image","twitter_misc":{"Estimation du temps de lecture":"1 minute"},"schema":{"@context":"https:\/\/schema.org","@graph":[{"@type":"WebPage","@id":"https:\/\/spx.com\/research-analysts\/","url":"https:\/\/spx.com\/research-analysts\/","name":"Research Analysts - SPX Technologies in Charlotte, NC","isPartOf":{"@id":"https:\/\/spx.com\/#website"},"datePublished":"2017-08-23T21:47:42+00:00","dateModified":"2026-03-02T15:15:13+00:00","description":"SPX Technologies is covered by several independent equity research analysts, including those from Oppenheimer, Seaport Global, Sidoti, UBS, and William Blair. The views expressed by these analysts are their own and not endorsed by SPX.","breadcrumb":{"@id":"https:\/\/spx.com\/research-analysts\/#breadcrumb"},"inLanguage":"fr-CA","potentialAction":[{"@type":"ReadAction","target":["https:\/\/spx.com\/research-analysts\/"]}]},{"@type":"BreadcrumbList","@id":"https:\/\/spx.com\/research-analysts\/#breadcrumb","itemListElement":[{"@type":"ListItem","position":1,"name":"Home","item":"https:\/\/spx.com\/"},{"@type":"ListItem","position":2,"name":"Research Analysts"}]},{"@type":"WebSite","@id":"https:\/\/spx.com\/#website","url":"https:\/\/spx.com\/","name":"SPX Technologies in Charlotte, NC","description":"SPX Technologies est un fournisseur de produits et de technologies de haute technicit\u00e9, occupant une position de leader sur les march\u00e9s du CVC et de la d\u00e9tection et de la mesure.","publisher":{"@id":"https:\/\/spx.com\/#organization"},"potentialAction":[{"@type":"SearchAction","target":{"@type":"EntryPoint","urlTemplate":"https:\/\/spx.com\/?s={search_term_string}"},"query-input":{"@type":"PropertyValueSpecification","valueRequired":true,"valueName":"search_term_string"}}],"inLanguage":"fr-CA"},{"@type":"Organization","@id":"https:\/\/spx.com\/#organization","name":"SPX Corporation","url":"https:\/\/spx.com\/","logo":{"@type":"ImageObject","inLanguage":"fr-CA","@id":"https:\/\/spx.com\/#\/schema\/logo\/image\/","url":"https:\/\/live-spx-corp.pantheonsite.io\/wp-content\/uploads\/2018\/03\/SPX_LOGO_R_Vertical_RGB_480px.png","contentUrl":"https:\/\/live-spx-corp.pantheonsite.io\/wp-content\/uploads\/2018\/03\/SPX_LOGO_R_Vertical_RGB_480px.png","width":389,"height":480,"caption":"SPX Corporation"},"image":{"@id":"https:\/\/spx.com\/#\/schema\/logo\/image\/"}}]}},"_links":{"self":[{"href":"https:\/\/spx.com\/fr\/wp-json\/wp\/v2\/pages\/301","targetHints":{"allow":["GET"]}}],"collection":[{"href":"https:\/\/spx.com\/fr\/wp-json\/wp\/v2\/pages"}],"about":[{"href":"https:\/\/spx.com\/fr\/wp-json\/wp\/v2\/types\/page"}],"author":[{"embeddable":true,"href":"https:\/\/spx.com\/fr\/wp-json\/wp\/v2\/users\/4"}],"replies":[{"embeddable":true,"href":"https:\/\/spx.com\/fr\/wp-json\/wp\/v2\/comments?post=301"}],"version-history":[{"count":3,"href":"https:\/\/spx.com\/fr\/wp-json\/wp\/v2\/pages\/301\/revisions"}],"predecessor-version":[{"id":6526,"href":"https:\/\/spx.com\/fr\/wp-json\/wp\/v2\/pages\/301\/revisions\/6526"}],"wp:attachment":[{"href":"https:\/\/spx.com\/fr\/wp-json\/wp\/v2\/media?parent=301"}],"wp:term":[{"taxonomy":"dipi_cpt_category","embeddable":true,"href":"https:\/\/spx.com\/fr\/wp-json\/wp\/v2\/dipi_cpt_category?post=301"}],"curies":[{"name":"wp","href":"https:\/\/api.w.org\/{rel}","templated":true}]}}