{"id":53,"date":"2017-08-22T17:13:32","date_gmt":"2017-08-22T17:13:32","guid":{"rendered":"http:\/\/live-spx-corp.pantheonsite.io\/?page_id=53"},"modified":"2025-09-23T21:20:25","modified_gmt":"2025-09-23T21:20:25","slug":"webcasts-and-presentations","status":"publish","type":"page","link":"https:\/\/spx.com\/fr\/investor-relations\/webcasts-and-presentations\/","title":{"rendered":"Webcasts et pr\u00e9sentations"},"content":{"rendered":"<p>[et_pb_section fb_built=&#8221;1&#8243; _builder_version=&#8221;4.27.4&#8243; _module_preset=&#8221;default&#8221; custom_margin=&#8221;0px||||false|false&#8221; custom_padding=&#8221;20px||10px||false|false&#8221; global_colors_info=&#8221;{}&#8221;][et_pb_row _builder_version=&#8221;4.27.4&#8243; _module_preset=&#8221;default&#8221; custom_margin=&#8221;||||false|false&#8221; custom_padding=&#8221;||20px||false|false&#8221; global_colors_info=&#8221;{}&#8221;][et_pb_column type=&#8221;4_4&#8243; _builder_version=&#8221;4.27.4&#8243; _module_preset=&#8221;default&#8221; global_colors_info=&#8221;{}&#8221;][et_pb_text _builder_version=&#8221;4.27.4&#8243; _module_preset=&#8221;default&#8221; text_font_size=&#8221;12px&#8221; hover_enabled=&#8221;0&#8243; global_colors_info=&#8221;{}&#8221; sticky_enabled=&#8221;0&#8243;]<a href=\"\/fr\/\">Accueil<\/a> &gt; News &gt; Webcasts and Presentations[\/et_pb_text][\/et_pb_column][\/et_pb_row][et_pb_row column_structure=&#8221;2_3,1_3&#8243; _builder_version=&#8221;4.27.4&#8243; _module_preset=&#8221;default&#8221; custom_margin=&#8221;0px||0px||false|false&#8221; custom_padding=&#8221;0px||0px||false|false&#8221; global_colors_info=&#8221;{}&#8221;][et_pb_column type=&#8221;2_3&#8243; _builder_version=&#8221;4.27.4&#8243; _module_preset=&#8221;default&#8221; global_colors_info=&#8221;{}&#8221;][et_pb_post_title meta=&#8221;off&#8221; featured_image=&#8221;off&#8221; _builder_version=&#8221;4.27.4&#8243; _module_preset=&#8221;default&#8221; title_font=&#8221;|600||on|||||&#8221; title_text_color=&#8221;#004C97&#8243; title_font_size=&#8221;60px&#8221; custom_margin=&#8221;||16px||false|false&#8221; title_font_size_tablet=&#8221;60px&#8221; title_font_size_phone=&#8221;48px&#8221; title_font_size_last_edited=&#8221;on|phone&#8221; global_colors_info=&#8221;{}&#8221;][\/et_pb_post_title][\/et_pb_column][et_pb_column type=&#8221;1_3&#8243; _builder_version=&#8221;4.27.4&#8243; _module_preset=&#8221;default&#8221; global_colors_info=&#8221;{}&#8221;][\/et_pb_column][\/et_pb_row][et_pb_row _builder_version=&#8221;4.27.4&#8243; _module_preset=&#8221;default&#8221; custom_margin=&#8221;0px||||false|false&#8221; custom_padding=&#8221;0px||||false|false&#8221; global_colors_info=&#8221;{}&#8221;][et_pb_column type=&#8221;4_4&#8243; _builder_version=&#8221;4.27.4&#8243; _module_preset=&#8221;default&#8221; global_colors_info=&#8221;{}&#8221;][et_pb_text _builder_version=&#8221;4.27.4&#8243; _module_preset=&#8221;default&#8221; custom_margin=&#8221;||12px||false|false&#8221; global_colors_info=&#8221;{}&#8221;]<\/p>\n<p><iframe loading=\"lazy\" id=\"investorFrame\" src=\"https:\/\/spx.gcs-web.com\/events-and-presentations\/presentations\" name=\"investorFrame\" width=\"100%\" height=\"2000\" frameborder=\"0\"><\/iframe><\/p>\n<p>[\/et_pb_text][\/et_pb_column][\/et_pb_row][et_pb_row _builder_version=&#8221;4.27.4&#8243; _module_preset=&#8221;default&#8221; custom_margin=&#8221;0px||||false|false&#8221; custom_padding=&#8221;0px||||false|false&#8221; global_colors_info=&#8221;{}&#8221;][et_pb_column type=&#8221;4_4&#8243; _builder_version=&#8221;4.27.4&#8243; _module_preset=&#8221;default&#8221; global_colors_info=&#8221;{}&#8221;][\/et_pb_column][\/et_pb_row][\/et_pb_section]<\/p>","protected":false},"excerpt":{"rendered":"<p>Home &gt; News &gt; Webcasts and Presentations<\/p>","protected":false},"author":4,"featured_media":0,"parent":37,"menu_order":0,"comment_status":"closed","ping_status":"closed","template":"","meta":{"_acf_changed":false,"_et_pb_use_builder":"on","_et_pb_old_content":"<img class=\"alignnone wp-image-555 size-full\" src=\"https:\/\/www.dev-spx-corp-2025.pantheonsite.io\/wp-content\/uploads\/2017\/08\/848x221_IR_Webcasts-1.jpg\" alt=\"\" width=\"100%\" \/>\r\n\r\n<iframe id=\"investorFrame\" src=\"https:\/\/spx.gcs-web.com\/events-and-presentations\/presentations\" name=\"investorFrame\" width=\"100%\" height=\"2000\" frameborder=\"0\"><\/iframe>","_et_gb_content_width":"","footnotes":""},"dipi_cpt_category":[],"class_list":["post-53","page","type-page","status-publish","hentry"],"acf":[],"yoast_head":"<!-- This site is optimized with the Yoast SEO plugin v27.4 - https:\/\/yoast.com\/product\/yoast-seo-wordpress\/ -->\n<title>Webcasts And Presentations - SPX Technologies in Charlotte, NC<\/title>\n<meta name=\"description\" content=\"SPX Technologies offers a comprehensive collection of investor presentations and webcasts on its Investor Relations page. Recent materials include the Q1 2025 Earnings Presentation, Investor Day Presentation from March 26, 2024, and various quarterly earnings slides.\" \/>\n<meta name=\"robots\" content=\"index, follow, max-snippet:-1, max-image-preview:large, max-video-preview:-1\" \/>\n<link rel=\"canonical\" href=\"https:\/\/spx.com\/fr\/investor-relations\/webcasts-and-presentations\/\" \/>\n<meta property=\"og:locale\" content=\"fr_CA\" \/>\n<meta property=\"og:type\" content=\"article\" \/>\n<meta property=\"og:title\" content=\"Webcasts And Presentations - SPX Technologies in Charlotte, NC\" \/>\n<meta property=\"og:description\" content=\"SPX Technologies offers a comprehensive collection of investor presentations and webcasts on its Investor Relations page. Recent materials include the Q1 2025 Earnings Presentation, Investor Day Presentation from March 26, 2024, and various quarterly earnings slides.\" \/>\n<meta property=\"og:url\" content=\"https:\/\/spx.com\/fr\/investor-relations\/webcasts-and-presentations\/\" \/>\n<meta property=\"og:site_name\" content=\"SPX Technologies in Charlotte, NC\" \/>\n<meta property=\"article:modified_time\" content=\"2025-09-23T21:20:25+00:00\" \/>\n<meta name=\"twitter:card\" content=\"summary_large_image\" \/>\n<meta name=\"twitter:label1\" content=\"Estimation du temps de lecture\" \/>\n\t<meta name=\"twitter:data1\" content=\"1 minute\" \/>\n<script type=\"application\/ld+json\" class=\"yoast-schema-graph\">{\"@context\":\"https:\\\/\\\/schema.org\",\"@graph\":[{\"@type\":\"WebPage\",\"@id\":\"https:\\\/\\\/spx.com\\\/investor-relations\\\/webcasts-and-presentations\\\/\",\"url\":\"https:\\\/\\\/spx.com\\\/investor-relations\\\/webcasts-and-presentations\\\/\",\"name\":\"Webcasts And Presentations - SPX Technologies in Charlotte, NC\",\"isPartOf\":{\"@id\":\"https:\\\/\\\/spx.com\\\/#website\"},\"datePublished\":\"2017-08-22T17:13:32+00:00\",\"dateModified\":\"2025-09-23T21:20:25+00:00\",\"description\":\"SPX Technologies offers a comprehensive collection of investor presentations and webcasts on its Investor Relations page. Recent materials include the Q1 2025 Earnings Presentation, Investor Day Presentation from March 26, 2024, and various quarterly earnings slides.\",\"breadcrumb\":{\"@id\":\"https:\\\/\\\/spx.com\\\/investor-relations\\\/webcasts-and-presentations\\\/#breadcrumb\"},\"inLanguage\":\"fr-CA\",\"potentialAction\":[{\"@type\":\"ReadAction\",\"target\":[\"https:\\\/\\\/spx.com\\\/investor-relations\\\/webcasts-and-presentations\\\/\"]}]},{\"@type\":\"BreadcrumbList\",\"@id\":\"https:\\\/\\\/spx.com\\\/investor-relations\\\/webcasts-and-presentations\\\/#breadcrumb\",\"itemListElement\":[{\"@type\":\"ListItem\",\"position\":1,\"name\":\"Home\",\"item\":\"https:\\\/\\\/spx.com\\\/\"},{\"@type\":\"ListItem\",\"position\":2,\"name\":\"Investor Relations\",\"item\":\"https:\\\/\\\/spx.com\\\/?page_id=37\"},{\"@type\":\"ListItem\",\"position\":3,\"name\":\"Webcasts And Presentations\"}]},{\"@type\":\"WebSite\",\"@id\":\"https:\\\/\\\/spx.com\\\/#website\",\"url\":\"https:\\\/\\\/spx.com\\\/\",\"name\":\"SPX Technologies in Charlotte, NC\",\"description\":\"SPX Technologies is a supplier of highly engineered products and technologies, holding leadership positions in the HVAC and detection and measurement markets.\",\"publisher\":{\"@id\":\"https:\\\/\\\/spx.com\\\/#organization\"},\"potentialAction\":[{\"@type\":\"SearchAction\",\"target\":{\"@type\":\"EntryPoint\",\"urlTemplate\":\"https:\\\/\\\/spx.com\\\/?s={search_term_string}\"},\"query-input\":{\"@type\":\"PropertyValueSpecification\",\"valueRequired\":true,\"valueName\":\"search_term_string\"}}],\"inLanguage\":\"fr-CA\"},{\"@type\":\"Organization\",\"@id\":\"https:\\\/\\\/spx.com\\\/#organization\",\"name\":\"SPX Corporation\",\"url\":\"https:\\\/\\\/spx.com\\\/\",\"logo\":{\"@type\":\"ImageObject\",\"inLanguage\":\"fr-CA\",\"@id\":\"https:\\\/\\\/spx.com\\\/#\\\/schema\\\/logo\\\/image\\\/\",\"url\":\"https:\\\/\\\/live-spx-corp.pantheonsite.io\\\/wp-content\\\/uploads\\\/2018\\\/03\\\/SPX_LOGO_R_Vertical_RGB_480px.png\",\"contentUrl\":\"https:\\\/\\\/live-spx-corp.pantheonsite.io\\\/wp-content\\\/uploads\\\/2018\\\/03\\\/SPX_LOGO_R_Vertical_RGB_480px.png\",\"width\":389,\"height\":480,\"caption\":\"SPX Corporation\"},\"image\":{\"@id\":\"https:\\\/\\\/spx.com\\\/#\\\/schema\\\/logo\\\/image\\\/\"}}]}<\/script>\n<!-- \/ Yoast SEO plugin. -->","yoast_head_json":{"title":"Webcasts And Presentations - SPX Technologies in Charlotte, NC","description":"SPX Technologies offers a comprehensive collection of investor presentations and webcasts on its Investor Relations page. Recent materials include the Q1 2025 Earnings Presentation, Investor Day Presentation from March 26, 2024, and various quarterly earnings slides.","robots":{"index":"index","follow":"follow","max-snippet":"max-snippet:-1","max-image-preview":"max-image-preview:large","max-video-preview":"max-video-preview:-1"},"canonical":"https:\/\/spx.com\/fr\/investor-relations\/webcasts-and-presentations\/","og_locale":"fr_CA","og_type":"article","og_title":"Webcasts And Presentations - SPX Technologies in Charlotte, NC","og_description":"SPX Technologies offers a comprehensive collection of investor presentations and webcasts on its Investor Relations page. Recent materials include the Q1 2025 Earnings Presentation, Investor Day Presentation from March 26, 2024, and various quarterly earnings slides.","og_url":"https:\/\/spx.com\/fr\/investor-relations\/webcasts-and-presentations\/","og_site_name":"SPX Technologies in Charlotte, NC","article_modified_time":"2025-09-23T21:20:25+00:00","twitter_card":"summary_large_image","twitter_misc":{"Estimation du temps de lecture":"1 minute"},"schema":{"@context":"https:\/\/schema.org","@graph":[{"@type":"WebPage","@id":"https:\/\/spx.com\/investor-relations\/webcasts-and-presentations\/","url":"https:\/\/spx.com\/investor-relations\/webcasts-and-presentations\/","name":"Webcasts And Presentations - SPX Technologies in Charlotte, NC","isPartOf":{"@id":"https:\/\/spx.com\/#website"},"datePublished":"2017-08-22T17:13:32+00:00","dateModified":"2025-09-23T21:20:25+00:00","description":"SPX Technologies offers a comprehensive collection of investor presentations and webcasts on its Investor Relations page. Recent materials include the Q1 2025 Earnings Presentation, Investor Day Presentation from March 26, 2024, and various quarterly earnings slides.","breadcrumb":{"@id":"https:\/\/spx.com\/investor-relations\/webcasts-and-presentations\/#breadcrumb"},"inLanguage":"fr-CA","potentialAction":[{"@type":"ReadAction","target":["https:\/\/spx.com\/investor-relations\/webcasts-and-presentations\/"]}]},{"@type":"BreadcrumbList","@id":"https:\/\/spx.com\/investor-relations\/webcasts-and-presentations\/#breadcrumb","itemListElement":[{"@type":"ListItem","position":1,"name":"Home","item":"https:\/\/spx.com\/"},{"@type":"ListItem","position":2,"name":"Investor Relations","item":"https:\/\/spx.com\/?page_id=37"},{"@type":"ListItem","position":3,"name":"Webcasts And Presentations"}]},{"@type":"WebSite","@id":"https:\/\/spx.com\/#website","url":"https:\/\/spx.com\/","name":"SPX Technologies in Charlotte, NC","description":"SPX Technologies est un fournisseur de produits et de technologies de haute technicit\u00e9, occupant une position de leader sur les march\u00e9s du CVC et de la d\u00e9tection et de la mesure.","publisher":{"@id":"https:\/\/spx.com\/#organization"},"potentialAction":[{"@type":"SearchAction","target":{"@type":"EntryPoint","urlTemplate":"https:\/\/spx.com\/?s={search_term_string}"},"query-input":{"@type":"PropertyValueSpecification","valueRequired":true,"valueName":"search_term_string"}}],"inLanguage":"fr-CA"},{"@type":"Organization","@id":"https:\/\/spx.com\/#organization","name":"SPX Corporation","url":"https:\/\/spx.com\/","logo":{"@type":"ImageObject","inLanguage":"fr-CA","@id":"https:\/\/spx.com\/#\/schema\/logo\/image\/","url":"https:\/\/live-spx-corp.pantheonsite.io\/wp-content\/uploads\/2018\/03\/SPX_LOGO_R_Vertical_RGB_480px.png","contentUrl":"https:\/\/live-spx-corp.pantheonsite.io\/wp-content\/uploads\/2018\/03\/SPX_LOGO_R_Vertical_RGB_480px.png","width":389,"height":480,"caption":"SPX Corporation"},"image":{"@id":"https:\/\/spx.com\/#\/schema\/logo\/image\/"}}]}},"_links":{"self":[{"href":"https:\/\/spx.com\/fr\/wp-json\/wp\/v2\/pages\/53","targetHints":{"allow":["GET"]}}],"collection":[{"href":"https:\/\/spx.com\/fr\/wp-json\/wp\/v2\/pages"}],"about":[{"href":"https:\/\/spx.com\/fr\/wp-json\/wp\/v2\/types\/page"}],"author":[{"embeddable":true,"href":"https:\/\/spx.com\/fr\/wp-json\/wp\/v2\/users\/4"}],"replies":[{"embeddable":true,"href":"https:\/\/spx.com\/fr\/wp-json\/wp\/v2\/comments?post=53"}],"version-history":[{"count":0,"href":"https:\/\/spx.com\/fr\/wp-json\/wp\/v2\/pages\/53\/revisions"}],"up":[{"embeddable":true,"href":"https:\/\/spx.com\/fr\/wp-json\/wp\/v2\/pages\/37"}],"wp:attachment":[{"href":"https:\/\/spx.com\/fr\/wp-json\/wp\/v2\/media?parent=53"}],"wp:term":[{"taxonomy":"dipi_cpt_category","embeddable":true,"href":"https:\/\/spx.com\/fr\/wp-json\/wp\/v2\/dipi_cpt_category?post=53"}],"curies":[{"name":"wp","href":"https:\/\/api.w.org\/{rel}","templated":true}]}}