{"id":5435,"date":"2025-09-02T14:20:56","date_gmt":"2025-09-02T14:20:56","guid":{"rendered":"https:\/\/spx.com\/?page_id=5435"},"modified":"2025-09-24T21:02:00","modified_gmt":"2025-09-24T21:02:00","slug":"kts","status":"publish","type":"page","link":"https:\/\/spx.com\/fr\/our-businesses\/kts\/","title":{"rendered":"KTS"},"content":{"rendered":"<p>[et_pb_section fb_built=&#8221;1&#8243; _builder_version=&#8221;4.27.4&#8243; _module_preset=&#8221;default&#8221; custom_padding=&#8221;50px||||false|false&#8221; global_colors_info=&#8221;{}&#8221;][et_pb_row _builder_version=&#8221;4.27.4&#8243; _module_preset=&#8221;default&#8221; custom_margin=&#8221;0px||0px||false|false&#8221; custom_padding=&#8221;0px||0px||false|false&#8221; global_colors_info=&#8221;{}&#8221;][et_pb_column type=&#8221;4_4&#8243; _builder_version=&#8221;4.27.4&#8243; _module_preset=&#8221;default&#8221; global_colors_info=&#8221;{}&#8221;][et_pb_text _builder_version=&#8221;4.27.4&#8243; _dynamic_attributes=&#8221;content&#8221; _module_preset=&#8221;default&#8221; text_font_size=&#8221;12px&#8221; global_colors_info=&#8221;{}&#8221;]@ET-DC@eyJkeW5hbWljIjp0cnVlLCJjb250ZW50IjoicG9zdF90aXRsZSIsInNldHRpbmdzIjp7ImJlZm9yZSI6IjxhIGhyZWY9XCIvXCI+SG9tZTwvYT4gJmd0OyAgPGEgaHJlZj1cIi9vdXItYnVzaW5lc3Nlcy9kZXRlY3Rpb24tYW5kLW1lYXN1cmVtZW50XCI+RGV0ZWN0aW9uIGFuZCBNZWFzdXJlbWVudDwvYT4gJmd0OyAiLCJhZnRlciI6IiJ9fQ==@[\/et_pb_text][\/et_pb_column][\/et_pb_row][et_pb_row column_structure=&#8221;1_2,1_2&#8243; _builder_version=&#8221;4.27.4&#8243; _module_preset=&#8221;default&#8221; custom_margin=&#8221;||0px||false|false&#8221; custom_padding=&#8221;4px||0px||false|false&#8221; global_colors_info=&#8221;{}&#8221;][et_pb_column type=&#8221;1_2&#8243; _builder_version=&#8221;4.27.4&#8243; _module_preset=&#8221;default&#8221; global_colors_info=&#8221;{}&#8221;][et_pb_post_title meta=&#8221;off&#8221; featured_image=&#8221;off&#8221; _builder_version=&#8221;4.27.4&#8243; _module_preset=&#8221;default&#8221; title_font=&#8221;&#8211;et_global_heading_font|600|||||||&#8221; title_text_color=&#8221;#004C97&#8243; title_font_size=&#8221;64px&#8221; custom_margin=&#8221;||10px||false|false&#8221; custom_padding=&#8221;||0px||false|false&#8221; title_font_size_tablet=&#8221;64px&#8221; title_font_size_phone=&#8221;54px&#8221; title_font_size_last_edited=&#8221;on|desktop&#8221; global_colors_info=&#8221;{}&#8221;][\/et_pb_post_title][et_pb_text _builder_version=&#8221;4.27.4&#8243; _module_preset=&#8221;default&#8221; text_font=&#8221;&#8211;et_global_body_font||||||||&#8221; text_text_color=&#8221;#4f4f4f&#8221; text_font_size=&#8221;15px&#8221; text_line_height=&#8221;1.4em&#8221; custom_margin=&#8221;||10px||false|false&#8221; global_colors_info=&#8221;{}&#8221;]For over a decade, KTS has been a trusted innovator in defense technology, specializing in digital interoperability, infrared countermeasures (IRCM), and tactical networking systems. KTS empowers enhanced situational awareness and platform integration through cutting-edge products like MNM, MAGTAB, MEWL V3, and DAU. <\/p>\n<p>With deep domain expertise in systems engineering, rapid prototyping, integration and testing, modeling, simulation, data analysis, and flight-test support, KTS delivers tailored, mission-critical solutions for U.S. military clients including the Marine Corps, Navy, and SOCOM.[\/et_pb_text][et_pb_button button_url=&#8221;https:\/\/www.kranzetech.com\/&#8221; url_new_window=&#8221;on&#8221; button_text=&#8221;@ET-DC@eyJkeW5hbWljIjp0cnVlLCJjb250ZW50IjoicG9zdF90aXRsZSIsInNldHRpbmdzIjp7ImJlZm9yZSI6IlZpc2l0ICIsImFmdGVyIjoiIn19@&#8221; button_alignment=&#8221;left&#8221; disabled_on=&#8221;on|off|off&#8221; _builder_version=&#8221;4.27.4&#8243; _dynamic_attributes=&#8221;button_text&#8221; _module_preset=&#8221;default&#8221; custom_button=&#8221;on&#8221; button_text_size=&#8221;16px&#8221; button_text_color=&#8221;#FFFFFF&#8221; button_bg_color=&#8221;#004C97&#8243; button_border_radius=&#8221;6px&#8221; background_layout=&#8221;dark&#8221; global_colors_info=&#8221;{}&#8221;][\/et_pb_button][\/et_pb_column][et_pb_column type=&#8221;1_2&#8243; _builder_version=&#8221;4.27.4&#8243; _module_preset=&#8221;default&#8221; global_colors_info=&#8221;{}&#8221;][et_pb_image src=&#8221;https:\/\/spx.com\/wp-content\/uploads\/2025\/09\/mewl-v3-3.jpg&#8221; alt=&#8221;mewl-v3-3&#8243; align=&#8221;center&#8221; _builder_version=&#8221;4.27.4&#8243; _module_preset=&#8221;default&#8221; height=&#8221;420px&#8221; global_colors_info=&#8221;{}&#8221;][\/et_pb_image][\/et_pb_column][\/et_pb_row][et_pb_row _builder_version=&#8221;4.27.4&#8243; _module_preset=&#8221;default&#8221; global_colors_info=&#8221;{}&#8221;][et_pb_column type=&#8221;4_4&#8243; _builder_version=&#8221;4.27.4&#8243; _module_preset=&#8221;default&#8221; global_colors_info=&#8221;{}&#8221;][et_pb_divider color=&#8221;#ececec&#8221; _builder_version=&#8221;4.27.4&#8243; _module_preset=&#8221;default&#8221; global_colors_info=&#8221;{}&#8221;][\/et_pb_divider][\/et_pb_column][\/et_pb_row][et_pb_row column_structure=&#8221;1_4,1_4,1_4,1_4&#8243; use_custom_gutter=&#8221;on&#8221; gutter_width=&#8221;2&#8243; _builder_version=&#8221;4.27.4&#8243; _module_preset=&#8221;default&#8221; global_colors_info=&#8221;{}&#8221;][et_pb_column type=&#8221;1_4&#8243; _builder_version=&#8221;4.27.4&#8243; _module_preset=&#8221;default&#8221; global_colors_info=&#8221;{}&#8221;][et_pb_image src=&#8221;https:\/\/spx.com\/wp-content\/uploads\/2025\/09\/mewl-v3-3.jpg&#8221; alt=&#8221;mewl-v3-3&#8243; title_text=&#8221;W GWC&#8221; url=&#8221;http:\/\/www.kranzetech.com\/ewl-v3\/&#8221; url_new_window=&#8221;on&#8221; show_bottom_space=&#8221;off&#8221; _builder_version=&#8221;4.27.4&#8243; _module_preset=&#8221;default&#8221; custom_margin=&#8221;||10px||false|false&#8221; custom_margin_tablet=&#8221;||10px||false|false&#8221; custom_margin_phone=&#8221;44px||||false|false&#8221; custom_margin_last_edited=&#8221;on|phone&#8221; border_radii=&#8221;off|3px|3px||&#8221; global_colors_info=&#8221;{}&#8221;][\/et_pb_image][et_pb_text _builder_version=&#8221;4.27.4&#8243; _module_preset=&#8221;default&#8221; text_font=&#8221;|600|||||||&#8221; text_line_height=&#8221;1.4em&#8221; custom_margin=&#8221;||12px|8px|false|false&#8221; custom_padding=&#8221;|8px|||false|false&#8221; global_colors_info=&#8221;{}&#8221;]MEWL V3[\/et_pb_text][et_pb_divider color=&#8221;#F15623&#8243; _builder_version=&#8221;4.27.4&#8243; _module_preset=&#8221;default&#8221; width=&#8221;20%&#8221; custom_margin=&#8221;0px||0px|5px|false|false&#8221; custom_padding=&#8221;0px||0px||false|false&#8221; global_colors_info=&#8221;{}&#8221;][\/et_pb_divider][et_pb_text _builder_version=&#8221;4.27.4&#8243; _module_preset=&#8221;default&#8221; text_line_height=&#8221;1.4em&#8221; custom_margin=&#8221;-6px||5px|8px|false|false&#8221; custom_padding=&#8221;0px|8px|5px||false|false&#8221; global_colors_info=&#8221;{}&#8221;]Miniature Encrypted Wireless Links (MEWLs) create reliable, networked capabilities for MAGTABs via secure WiFi, and are equipped to mate with a wide array of radios such as the AN\/PRC-152A, AN\/PRC-117G, AN\/PRC-161, AN\/PRC-163, ENTR and leading ISR handhelds.[\/et_pb_text][et_pb_text _builder_version=&#8221;4.27.4&#8243; _module_preset=&#8221;default&#8221; text_font=&#8221;|600|||||||&#8221; text_text_color=&#8221;#004C97&#8243; text_line_height=&#8221;1.4em&#8221; custom_margin=&#8221;-6px|||8px|false|false&#8221; custom_padding=&#8221;0px|8px|5px||false|false&#8221; link_option_url=&#8221;www.kranzetech.com\/ewl-v3\/&#8221; link_option_url_new_window=&#8221;on&#8221; global_colors_info=&#8221;{}&#8221;]<\/p>\n<p>Plus d'informations ici.<\/p>\n<p>[\/et_pb_text][\/et_pb_column][et_pb_column type=&#8221;1_4&#8243; _builder_version=&#8221;4.27.4&#8243; _module_preset=&#8221;default&#8221; global_colors_info=&#8221;{}&#8221;][et_pb_image src=&#8221;https:\/\/spx.com\/wp-content\/uploads\/2025\/09\/magtab.jpg&#8221; alt=&#8221;magtab&#8221; url=&#8221;http:\/\/www.kranzetech.com\/magtab\/&#8221; url_new_window=&#8221;on&#8221; show_bottom_space=&#8221;off&#8221; _builder_version=&#8221;4.27.4&#8243; _module_preset=&#8221;default&#8221; custom_margin=&#8221;||10px||false|false&#8221; custom_margin_tablet=&#8221;||10px||false|false&#8221; custom_margin_phone=&#8221;44px||||false|false&#8221; custom_margin_last_edited=&#8221;on|phone&#8221; border_radii=&#8221;off|3px|3px||&#8221; global_colors_info=&#8221;{}&#8221;][\/et_pb_image][et_pb_text _builder_version=&#8221;4.27.4&#8243; _module_preset=&#8221;default&#8221; text_font=&#8221;|600|||||||&#8221; text_line_height=&#8221;1.4em&#8221; custom_margin=&#8221;||12px|8px|false|false&#8221; custom_padding=&#8221;|8px|||false|false&#8221; global_colors_info=&#8221;{}&#8221;]MAGTAB[\/et_pb_text][et_pb_divider color=&#8221;#F15623&#8243; _builder_version=&#8221;4.27.4&#8243; _module_preset=&#8221;default&#8221; width=&#8221;20%&#8221; custom_margin=&#8221;0px||0px|5px|false|false&#8221; custom_padding=&#8221;0px||0px||false|false&#8221; global_colors_info=&#8221;{}&#8221;][\/et_pb_divider][et_pb_text _builder_version=&#8221;4.27.4&#8243; _module_preset=&#8221;default&#8221; text_line_height=&#8221;1.4em&#8221; custom_margin=&#8221;-6px||5px|8px|false|false&#8221; custom_padding=&#8221;0px|8px|5px||false|false&#8221; global_colors_info=&#8221;{}&#8221;]The Marine Air-Ground Tablet (MAGTAB) is an end user device that was designed specifically by Marines to enable detailed mission planning, increased mission effectiveness, and improved debriefing tools. MAGTABs support the majority of the Marine Corps\u2019 existing tactical missions and streamline the Tactics, Techniques, and Procedures (TTPs) used by operators.[\/et_pb_text][et_pb_text _builder_version=&#8221;4.27.4&#8243; _module_preset=&#8221;default&#8221; text_font=&#8221;|600|||||||&#8221; text_text_color=&#8221;#004C97&#8243; text_line_height=&#8221;1.4em&#8221; custom_margin=&#8221;-6px|||8px|false|false&#8221; custom_padding=&#8221;0px|8px|5px||false|false&#8221; link_option_url=&#8221;www.kranzetech.com\/magtab\/&#8221; link_option_url_new_window=&#8221;on&#8221; global_colors_info=&#8221;{}&#8221;]<\/p>\n<p>Plus d'informations ici.<\/p>\n<p>[\/et_pb_text][\/et_pb_column][et_pb_column type=&#8221;1_4&#8243; _builder_version=&#8221;4.27.4&#8243; _module_preset=&#8221;default&#8221; global_colors_info=&#8221;{}&#8221;][et_pb_image src=&#8221;https:\/\/spx.com\/wp-content\/uploads\/2025\/09\/mms-3.jpg&#8221; alt=&#8221;mms-3&#8243; url=&#8221;http:\/\/www.kranzetech.com\/mms\/&#8221; url_new_window=&#8221;on&#8221; show_bottom_space=&#8221;off&#8221; _builder_version=&#8221;4.27.4&#8243; _module_preset=&#8221;default&#8221; custom_margin=&#8221;||10px||false|false&#8221; custom_margin_tablet=&#8221;||10px||false|false&#8221; custom_margin_phone=&#8221;44px||||false|false&#8221; custom_margin_last_edited=&#8221;on|phone&#8221; border_radii=&#8221;off|3px|3px||&#8221; global_colors_info=&#8221;{}&#8221;][\/et_pb_image][et_pb_text _builder_version=&#8221;4.27.4&#8243; _module_preset=&#8221;default&#8221; text_font=&#8221;|600|||||||&#8221; text_line_height=&#8221;1.4em&#8221; custom_margin=&#8221;||12px|8px|false|false&#8221; custom_padding=&#8221;|8px|||false|false&#8221; global_colors_info=&#8221;{}&#8221;]MMS[\/et_pb_text][et_pb_divider color=&#8221;#F15623&#8243; _builder_version=&#8221;4.27.4&#8243; _module_preset=&#8221;default&#8221; width=&#8221;20%&#8221; custom_margin=&#8221;0px||0px|5px|false|false&#8221; custom_padding=&#8221;0px||0px||false|false&#8221; global_colors_info=&#8221;{}&#8221;][\/et_pb_divider][et_pb_text _builder_version=&#8221;4.27.4&#8243; _module_preset=&#8221;default&#8221; text_line_height=&#8221;1.4em&#8221; custom_margin=&#8221;-6px||5px|8px|false|false&#8221; custom_padding=&#8221;0px|8px|5px||false|false&#8221; global_colors_info=&#8221;{}&#8221;]The Mission Management System (MMS) provides seamless integration with MAGTABs via secure WiFi enabling simultaneous upload, download, deletion of files, configuration, and synchronization of smart pack products.[\/et_pb_text][et_pb_text _builder_version=&#8221;4.27.4&#8243; _module_preset=&#8221;default&#8221; text_font=&#8221;|600|||||||&#8221; text_text_color=&#8221;#004C97&#8243; text_line_height=&#8221;1.4em&#8221; custom_margin=&#8221;-6px|||8px|false|false&#8221; custom_padding=&#8221;0px|8px|5px||false|false&#8221; link_option_url=&#8221;www.kranzetech.com\/mms\/&#8221; link_option_url_new_window=&#8221;on&#8221; global_colors_info=&#8221;{}&#8221;]<\/p>\n<p>Plus d'informations ici.<\/p>\n<p>[\/et_pb_text][\/et_pb_column][et_pb_column type=&#8221;1_4&#8243; _builder_version=&#8221;4.27.4&#8243; _module_preset=&#8221;default&#8221; global_colors_info=&#8221;{}&#8221;][et_pb_image src=&#8221;https:\/\/spx.com\/wp-content\/uploads\/2025\/09\/meshed-network-manager-1.jpg&#8221; alt=&#8221;meshed-network-manager-1&#8243; url=&#8221;http:\/\/www.kranzetech.com\/mnm\/%20&#8243; url_new_window=&#8221;on&#8221; show_bottom_space=&#8221;off&#8221; _builder_version=&#8221;4.27.4&#8243; _module_preset=&#8221;default&#8221; custom_margin=&#8221;||10px||false|false&#8221; custom_margin_tablet=&#8221;||10px||false|false&#8221; custom_margin_phone=&#8221;44px||||false|false&#8221; custom_margin_last_edited=&#8221;on|phone&#8221; border_radii=&#8221;off|3px|3px||&#8221; global_colors_info=&#8221;{}&#8221;][\/et_pb_image][et_pb_text _builder_version=&#8221;4.27.4&#8243; _module_preset=&#8221;default&#8221; text_font=&#8221;|600|||||||&#8221; text_line_height=&#8221;1.4em&#8221; custom_margin=&#8221;||12px|8px|false|false&#8221; custom_padding=&#8221;|8px|||false|false&#8221; global_colors_info=&#8221;{}&#8221;]MNM[\/et_pb_text][et_pb_divider color=&#8221;#F15623&#8243; _builder_version=&#8221;4.27.4&#8243; _module_preset=&#8221;default&#8221; width=&#8221;20%&#8221; custom_margin=&#8221;0px||0px|5px|false|false&#8221; custom_padding=&#8221;0px||0px||false|false&#8221; global_colors_info=&#8221;{}&#8221;][\/et_pb_divider][et_pb_text _builder_version=&#8221;4.27.4&#8243; _module_preset=&#8221;default&#8221; text_line_height=&#8221;1.4em&#8221; custom_margin=&#8221;-6px||5px|8px|false|false&#8221; custom_padding=&#8221;0px|8px|5px||false|false&#8221; global_colors_info=&#8221;{}&#8221;]The Meshed Network Manager (MNM) is a system of systems which provides digital information sharing from multiple waveforms to manage situational awareness, survivability, and targeting data across multiple elements.[\/et_pb_text][et_pb_text _builder_version=&#8221;4.27.4&#8243; _module_preset=&#8221;default&#8221; text_font=&#8221;|600|||||||&#8221; text_text_color=&#8221;#004C97&#8243; text_line_height=&#8221;1.4em&#8221; custom_margin=&#8221;-6px|||8px|false|false&#8221; custom_padding=&#8221;0px|8px|5px||false|false&#8221; link_option_url=&#8221;www.kranzetech.com\/mnm\/ &#8221; link_option_url_new_window=&#8221;on&#8221; global_colors_info=&#8221;{}&#8221;]<\/p>\n<p>Plus d'informations ici.<\/p>\n<p>[\/et_pb_text][\/et_pb_column][\/et_pb_row][et_pb_row _builder_version=&#8221;4.27.4&#8243; _module_preset=&#8221;default&#8221; global_colors_info=&#8221;{}&#8221;][et_pb_column type=&#8221;4_4&#8243; _builder_version=&#8221;4.27.4&#8243; _module_preset=&#8221;default&#8221; global_colors_info=&#8221;{}&#8221;][et_pb_button button_url=&#8221;https:\/\/www.kranzetech.com\/&#8221; url_new_window=&#8221;on&#8221; button_text=&#8221;@ET-DC@eyJkeW5hbWljIjp0cnVlLCJjb250ZW50IjoicG9zdF90aXRsZSIsInNldHRpbmdzIjp7ImJlZm9yZSI6IlZpc2l0ICIsImFmdGVyIjoiIn19@&#8221; button_alignment=&#8221;center&#8221; _builder_version=&#8221;4.27.4&#8243; _dynamic_attributes=&#8221;button_text&#8221; _module_preset=&#8221;default&#8221; custom_button=&#8221;on&#8221; button_text_color=&#8221;#FFFFFF&#8221; button_bg_color=&#8221;#004C97&#8243; button_border_radius=&#8221;6px&#8221; background_layout=&#8221;dark&#8221; global_colors_info=&#8221;{}&#8221;][\/et_pb_button][\/et_pb_column][\/et_pb_row][\/et_pb_section]<\/p>","protected":false},"excerpt":{"rendered":"<p>For over a decade, KTS has been a trusted innovator in defense technology, specializing in digital interoperability, infrared countermeasures (IRCM), and tactical networking systems.<\/p>","protected":false},"author":4,"featured_media":5440,"parent":17,"menu_order":0,"comment_status":"closed","ping_status":"closed","template":"","meta":{"_acf_changed":false,"_et_pb_use_builder":"on","_et_pb_old_content":"","_et_gb_content_width":"","footnotes":""},"dipi_cpt_category":[],"class_list":["post-5435","page","type-page","status-publish","has-post-thumbnail","hentry"],"acf":[],"yoast_head":"<!-- This site is optimized with the Yoast SEO plugin v27.4 - https:\/\/yoast.com\/product\/yoast-seo-wordpress\/ -->\n<title>KTS - SPX Technologies in Charlotte, NC<\/title>\n<meta name=\"description\" content=\"For over a decade, KTS has been a trusted innovator in defense technology, specializing in digital interoperability, infrared countermeasures (IRCM), and tactical networking systems.\" \/>\n<meta name=\"robots\" content=\"index, follow, max-snippet:-1, max-image-preview:large, max-video-preview:-1\" \/>\n<link rel=\"canonical\" href=\"https:\/\/spx.com\/fr\/our-businesses\/kts\/\" \/>\n<meta property=\"og:locale\" content=\"fr_CA\" \/>\n<meta property=\"og:type\" content=\"article\" \/>\n<meta property=\"og:title\" content=\"KTS - SPX Technologies in Charlotte, NC\" \/>\n<meta property=\"og:description\" content=\"For over a decade, KTS has been a trusted innovator in defense technology, specializing in digital interoperability, infrared countermeasures (IRCM), and tactical networking systems.\" \/>\n<meta property=\"og:url\" content=\"https:\/\/spx.com\/fr\/our-businesses\/kts\/\" \/>\n<meta property=\"og:site_name\" content=\"SPX Technologies in Charlotte, NC\" \/>\n<meta property=\"article:modified_time\" content=\"2025-09-24T21:02:00+00:00\" \/>\n<meta property=\"og:image\" content=\"https:\/\/spx.com\/wp-content\/uploads\/2025\/09\/mewl-v3-3.jpg\" \/>\n\t<meta property=\"og:image:width\" content=\"800\" \/>\n\t<meta property=\"og:image:height\" content=\"800\" \/>\n\t<meta property=\"og:image:type\" content=\"image\/jpeg\" \/>\n<meta name=\"twitter:card\" content=\"summary_large_image\" \/>\n<meta name=\"twitter:label1\" content=\"Estimation du temps de lecture\" \/>\n\t<meta name=\"twitter:data1\" content=\"3 minutes\" \/>\n<script type=\"application\/ld+json\" class=\"yoast-schema-graph\">{\"@context\":\"https:\\\/\\\/schema.org\",\"@graph\":[{\"@type\":\"WebPage\",\"@id\":\"https:\\\/\\\/spx.com\\\/our-businesses\\\/kts\\\/\",\"url\":\"https:\\\/\\\/spx.com\\\/our-businesses\\\/kts\\\/\",\"name\":\"KTS - SPX Technologies in Charlotte, NC\",\"isPartOf\":{\"@id\":\"https:\\\/\\\/spx.com\\\/#website\"},\"primaryImageOfPage\":{\"@id\":\"https:\\\/\\\/spx.com\\\/our-businesses\\\/kts\\\/#primaryimage\"},\"image\":{\"@id\":\"https:\\\/\\\/spx.com\\\/our-businesses\\\/kts\\\/#primaryimage\"},\"thumbnailUrl\":\"https:\\\/\\\/spx.com\\\/wp-content\\\/uploads\\\/2025\\\/09\\\/mewl-v3-3.jpg\",\"datePublished\":\"2025-09-02T14:20:56+00:00\",\"dateModified\":\"2025-09-24T21:02:00+00:00\",\"description\":\"For over a decade, KTS has been a trusted innovator in defense technology, specializing in digital interoperability, infrared countermeasures (IRCM), and tactical networking systems.\",\"breadcrumb\":{\"@id\":\"https:\\\/\\\/spx.com\\\/our-businesses\\\/kts\\\/#breadcrumb\"},\"inLanguage\":\"fr-CA\",\"potentialAction\":[{\"@type\":\"ReadAction\",\"target\":[\"https:\\\/\\\/spx.com\\\/our-businesses\\\/kts\\\/\"]}]},{\"@type\":\"ImageObject\",\"inLanguage\":\"fr-CA\",\"@id\":\"https:\\\/\\\/spx.com\\\/our-businesses\\\/kts\\\/#primaryimage\",\"url\":\"https:\\\/\\\/spx.com\\\/wp-content\\\/uploads\\\/2025\\\/09\\\/mewl-v3-3.jpg\",\"contentUrl\":\"https:\\\/\\\/spx.com\\\/wp-content\\\/uploads\\\/2025\\\/09\\\/mewl-v3-3.jpg\",\"width\":800,\"height\":800,\"caption\":\"mewl-v3-3\"},{\"@type\":\"BreadcrumbList\",\"@id\":\"https:\\\/\\\/spx.com\\\/our-businesses\\\/kts\\\/#breadcrumb\",\"itemListElement\":[{\"@type\":\"ListItem\",\"position\":1,\"name\":\"Home\",\"item\":\"https:\\\/\\\/spx.com\\\/\"},{\"@type\":\"ListItem\",\"position\":2,\"name\":\"Our Businesses\",\"item\":\"https:\\\/\\\/spx.com\\\/our-businesses\\\/\"},{\"@type\":\"ListItem\",\"position\":3,\"name\":\"KTS\"}]},{\"@type\":\"WebSite\",\"@id\":\"https:\\\/\\\/spx.com\\\/#website\",\"url\":\"https:\\\/\\\/spx.com\\\/\",\"name\":\"SPX Technologies in Charlotte, NC\",\"description\":\"SPX Technologies is a supplier of highly engineered products and technologies, holding leadership positions in the HVAC and detection and measurement markets.\",\"publisher\":{\"@id\":\"https:\\\/\\\/spx.com\\\/#organization\"},\"potentialAction\":[{\"@type\":\"SearchAction\",\"target\":{\"@type\":\"EntryPoint\",\"urlTemplate\":\"https:\\\/\\\/spx.com\\\/?s={search_term_string}\"},\"query-input\":{\"@type\":\"PropertyValueSpecification\",\"valueRequired\":true,\"valueName\":\"search_term_string\"}}],\"inLanguage\":\"fr-CA\"},{\"@type\":\"Organization\",\"@id\":\"https:\\\/\\\/spx.com\\\/#organization\",\"name\":\"SPX Corporation\",\"url\":\"https:\\\/\\\/spx.com\\\/\",\"logo\":{\"@type\":\"ImageObject\",\"inLanguage\":\"fr-CA\",\"@id\":\"https:\\\/\\\/spx.com\\\/#\\\/schema\\\/logo\\\/image\\\/\",\"url\":\"https:\\\/\\\/live-spx-corp.pantheonsite.io\\\/wp-content\\\/uploads\\\/2018\\\/03\\\/SPX_LOGO_R_Vertical_RGB_480px.png\",\"contentUrl\":\"https:\\\/\\\/live-spx-corp.pantheonsite.io\\\/wp-content\\\/uploads\\\/2018\\\/03\\\/SPX_LOGO_R_Vertical_RGB_480px.png\",\"width\":389,\"height\":480,\"caption\":\"SPX Corporation\"},\"image\":{\"@id\":\"https:\\\/\\\/spx.com\\\/#\\\/schema\\\/logo\\\/image\\\/\"}}]}<\/script>\n<!-- \/ Yoast SEO plugin. -->","yoast_head_json":{"title":"KTS - SPX Technologies in Charlotte, NC","description":"For over a decade, KTS has been a trusted innovator in defense technology, specializing in digital interoperability, infrared countermeasures (IRCM), and tactical networking systems.","robots":{"index":"index","follow":"follow","max-snippet":"max-snippet:-1","max-image-preview":"max-image-preview:large","max-video-preview":"max-video-preview:-1"},"canonical":"https:\/\/spx.com\/fr\/our-businesses\/kts\/","og_locale":"fr_CA","og_type":"article","og_title":"KTS - SPX Technologies in Charlotte, NC","og_description":"For over a decade, KTS has been a trusted innovator in defense technology, specializing in digital interoperability, infrared countermeasures (IRCM), and tactical networking systems.","og_url":"https:\/\/spx.com\/fr\/our-businesses\/kts\/","og_site_name":"SPX Technologies in Charlotte, NC","article_modified_time":"2025-09-24T21:02:00+00:00","og_image":[{"width":800,"height":800,"url":"https:\/\/spx.com\/wp-content\/uploads\/2025\/09\/mewl-v3-3.jpg","type":"image\/jpeg"}],"twitter_card":"summary_large_image","twitter_misc":{"Estimation du temps de lecture":"3 minutes"},"schema":{"@context":"https:\/\/schema.org","@graph":[{"@type":"WebPage","@id":"https:\/\/spx.com\/our-businesses\/kts\/","url":"https:\/\/spx.com\/our-businesses\/kts\/","name":"KTS - SPX Technologies in Charlotte, NC","isPartOf":{"@id":"https:\/\/spx.com\/#website"},"primaryImageOfPage":{"@id":"https:\/\/spx.com\/our-businesses\/kts\/#primaryimage"},"image":{"@id":"https:\/\/spx.com\/our-businesses\/kts\/#primaryimage"},"thumbnailUrl":"https:\/\/spx.com\/wp-content\/uploads\/2025\/09\/mewl-v3-3.jpg","datePublished":"2025-09-02T14:20:56+00:00","dateModified":"2025-09-24T21:02:00+00:00","description":"For over a decade, KTS has been a trusted innovator in defense technology, specializing in digital interoperability, infrared countermeasures (IRCM), and tactical networking systems.","breadcrumb":{"@id":"https:\/\/spx.com\/our-businesses\/kts\/#breadcrumb"},"inLanguage":"fr-CA","potentialAction":[{"@type":"ReadAction","target":["https:\/\/spx.com\/our-businesses\/kts\/"]}]},{"@type":"ImageObject","inLanguage":"fr-CA","@id":"https:\/\/spx.com\/our-businesses\/kts\/#primaryimage","url":"https:\/\/spx.com\/wp-content\/uploads\/2025\/09\/mewl-v3-3.jpg","contentUrl":"https:\/\/spx.com\/wp-content\/uploads\/2025\/09\/mewl-v3-3.jpg","width":800,"height":800,"caption":"mewl-v3-3"},{"@type":"BreadcrumbList","@id":"https:\/\/spx.com\/our-businesses\/kts\/#breadcrumb","itemListElement":[{"@type":"ListItem","position":1,"name":"Home","item":"https:\/\/spx.com\/"},{"@type":"ListItem","position":2,"name":"Our Businesses","item":"https:\/\/spx.com\/our-businesses\/"},{"@type":"ListItem","position":3,"name":"KTS"}]},{"@type":"WebSite","@id":"https:\/\/spx.com\/#website","url":"https:\/\/spx.com\/","name":"SPX Technologies in Charlotte, NC","description":"SPX Technologies est un fournisseur de produits et de technologies de haute technicit\u00e9, occupant une position de leader sur les march\u00e9s du CVC et de la d\u00e9tection et de la mesure.","publisher":{"@id":"https:\/\/spx.com\/#organization"},"potentialAction":[{"@type":"SearchAction","target":{"@type":"EntryPoint","urlTemplate":"https:\/\/spx.com\/?s={search_term_string}"},"query-input":{"@type":"PropertyValueSpecification","valueRequired":true,"valueName":"search_term_string"}}],"inLanguage":"fr-CA"},{"@type":"Organization","@id":"https:\/\/spx.com\/#organization","name":"SPX Corporation","url":"https:\/\/spx.com\/","logo":{"@type":"ImageObject","inLanguage":"fr-CA","@id":"https:\/\/spx.com\/#\/schema\/logo\/image\/","url":"https:\/\/live-spx-corp.pantheonsite.io\/wp-content\/uploads\/2018\/03\/SPX_LOGO_R_Vertical_RGB_480px.png","contentUrl":"https:\/\/live-spx-corp.pantheonsite.io\/wp-content\/uploads\/2018\/03\/SPX_LOGO_R_Vertical_RGB_480px.png","width":389,"height":480,"caption":"SPX Corporation"},"image":{"@id":"https:\/\/spx.com\/#\/schema\/logo\/image\/"}}]}},"_links":{"self":[{"href":"https:\/\/spx.com\/fr\/wp-json\/wp\/v2\/pages\/5435","targetHints":{"allow":["GET"]}}],"collection":[{"href":"https:\/\/spx.com\/fr\/wp-json\/wp\/v2\/pages"}],"about":[{"href":"https:\/\/spx.com\/fr\/wp-json\/wp\/v2\/types\/page"}],"author":[{"embeddable":true,"href":"https:\/\/spx.com\/fr\/wp-json\/wp\/v2\/users\/4"}],"replies":[{"embeddable":true,"href":"https:\/\/spx.com\/fr\/wp-json\/wp\/v2\/comments?post=5435"}],"version-history":[{"count":0,"href":"https:\/\/spx.com\/fr\/wp-json\/wp\/v2\/pages\/5435\/revisions"}],"up":[{"embeddable":true,"href":"https:\/\/spx.com\/fr\/wp-json\/wp\/v2\/pages\/17"}],"wp:featuredmedia":[{"embeddable":true,"href":"https:\/\/spx.com\/fr\/wp-json\/wp\/v2\/media\/5440"}],"wp:attachment":[{"href":"https:\/\/spx.com\/fr\/wp-json\/wp\/v2\/media?parent=5435"}],"wp:term":[{"taxonomy":"dipi_cpt_category","embeddable":true,"href":"https:\/\/spx.com\/fr\/wp-json\/wp\/v2\/dipi_cpt_category?post=5435"}],"curies":[{"name":"wp","href":"https:\/\/api.w.org\/{rel}","templated":true}]}}